{"id":836,"date":"2019-11-12T15:10:14","date_gmt":"2019-11-12T15:10:14","guid":{"rendered":"http:\/\/www.podperova6.cz\/?page_id=836"},"modified":"2019-11-12T15:10:14","modified_gmt":"2019-11-12T15:10:14","slug":"neporadek-na-chodbe-u-bytu-cerna-mestka-cast","status":"publish","type":"page","link":"http:\/\/www.podperova6.cz\/?page_id=836","title":{"rendered":"Nepo\u0159\u00e1dek na chodb\u011b u bytu \u010cern\u00e1 (M\u011bstk\u00e1 \u010d\u00e1st)"},"content":{"rendered":"ngg_shortcode_0_placeholder\n","protected":false},"excerpt":{"rendered":"","protected":false},"author":1,"featured_media":0,"parent":0,"menu_order":0,"comment_status":"closed","ping_status":"closed","template":"","meta":{"ngg_post_thumbnail":0,"footnotes":""},"class_list":["post-836","page","type-page","status-publish","hentry"],"_links":{"self":[{"href":"http:\/\/www.podperova6.cz\/index.php?rest_route=\/wp\/v2\/pages\/836","targetHints":{"allow":["GET"]}}],"collection":[{"href":"http:\/\/www.podperova6.cz\/index.php?rest_route=\/wp\/v2\/pages"}],"about":[{"href":"http:\/\/www.podperova6.cz\/index.php?rest_route=\/wp\/v2\/types\/page"}],"author":[{"embeddable":true,"href":"http:\/\/www.podperova6.cz\/index.php?rest_route=\/wp\/v2\/users\/1"}],"replies":[{"embeddable":true,"href":"http:\/\/www.podperova6.cz\/index.php?rest_route=%2Fwp%2Fv2%2Fcomments&post=836"}],"version-history":[{"count":0,"href":"http:\/\/www.podperova6.cz\/index.php?rest_route=\/wp\/v2\/pages\/836\/revisions"}],"wp:attachment":[{"href":"http:\/\/www.podperova6.cz\/index.php?rest_route=%2Fwp%2Fv2%2Fmedia&parent=836"}],"curies":[{"name":"wp","href":"https:\/\/api.w.org\/{rel}","templated":true}]}}