{"id":855,"date":"2019-11-23T15:04:03","date_gmt":"2019-11-23T15:04:03","guid":{"rendered":"http:\/\/www.podperova6.cz\/?page_id=855"},"modified":"2019-11-23T15:04:03","modified_gmt":"2019-11-23T15:04:03","slug":"skoleni-obsluhy-kotelny-rijen-2019","status":"publish","type":"page","link":"http:\/\/www.podperova6.cz\/?page_id=855","title":{"rendered":"\u0160kolen\u00ed obsluhy kotelny \u0159\u00edjen 2019"},"content":{"rendered":"ngg_shortcode_0_placeholder\n","protected":false},"excerpt":{"rendered":"","protected":false},"author":1,"featured_media":0,"parent":0,"menu_order":0,"comment_status":"closed","ping_status":"closed","template":"","meta":{"ngg_post_thumbnail":0,"footnotes":""},"class_list":["post-855","page","type-page","status-publish","hentry"],"_links":{"self":[{"href":"http:\/\/www.podperova6.cz\/index.php?rest_route=\/wp\/v2\/pages\/855","targetHints":{"allow":["GET"]}}],"collection":[{"href":"http:\/\/www.podperova6.cz\/index.php?rest_route=\/wp\/v2\/pages"}],"about":[{"href":"http:\/\/www.podperova6.cz\/index.php?rest_route=\/wp\/v2\/types\/page"}],"author":[{"embeddable":true,"href":"http:\/\/www.podperova6.cz\/index.php?rest_route=\/wp\/v2\/users\/1"}],"replies":[{"embeddable":true,"href":"http:\/\/www.podperova6.cz\/index.php?rest_route=%2Fwp%2Fv2%2Fcomments&post=855"}],"version-history":[{"count":0,"href":"http:\/\/www.podperova6.cz\/index.php?rest_route=\/wp\/v2\/pages\/855\/revisions"}],"wp:attachment":[{"href":"http:\/\/www.podperova6.cz\/index.php?rest_route=%2Fwp%2Fv2%2Fmedia&parent=855"}],"curies":[{"name":"wp","href":"https:\/\/api.w.org\/{rel}","templated":true}]}}